{"id":6,"date":"2026-01-19T18:21:14","date_gmt":"2026-01-19T18:21:14","guid":{"rendered":"https:\/\/cafefrutos.cl\/wordpress\/?page_id=6"},"modified":"2026-01-19T18:21:14","modified_gmt":"2026-01-19T18:21:14","slug":"carrito","status":"publish","type":"page","link":"https:\/\/cafefrutos.cl\/?page_id=6","title":{"rendered":"Carrito"},"content":{"rendered":"\n<div data-block-name=\"woocommerce\/cart\" class=\"wp-block-woocommerce-cart alignwide is-loading\">\n<div data-block-name=\"woocommerce\/filled-cart-block\" class=\"wp-block-woocommerce-filled-cart-block\">\n<div data-block-name=\"woocommerce\/cart-items-block\" class=\"wp-block-woocommerce-cart-items-block\">\n<div data-block-name=\"woocommerce\/cart-line-items-block\" class=\"wp-block-woocommerce-cart-line-items-block\"><\/div>\n\n\n<\/div>\n\n\n\n\n<div data-block-name=\"woocommerce\/cart-totals-block\" class=\"wp-block-woocommerce-cart-totals-block\">\n<div data-block-name=\"woocommerce\/cart-order-summary-block\" class=\"wp-block-woocommerce-cart-order-summary-block\">\n<div data-block-name=\"woocommerce\/cart-order-summary-heading-block\" class=\"wp-block-woocommerce-cart-order-summary-heading-block\"><\/div><div data-block-name=\"woocommerce\/cart-order-summary-coupon-form-block\" class=\"wp-block-woocommerce-cart-order-summary-coupon-form-block\"><\/div><div data-block-name=\"woocommerce\/cart-order-summary-totals-block\" class=\"wp-block-woocommerce-cart-order-summary-totals-block\">\n<div data-block-name=\"woocommerce\/cart-order-summary-subtotal-block\" class=\"wp-block-woocommerce-cart-order-summary-subtotal-block\"><\/div>\n<div data-block-name=\"woocommerce\/cart-order-summary-discount-block\" class=\"wp-block-woocommerce-cart-order-summary-discount-block\"><\/div>\n<div data-block-name=\"woocommerce\/cart-order-summary-fee-block\" class=\"wp-block-woocommerce-cart-order-summary-fee-block\"><\/div>\n<div data-block-name=\"woocommerce\/cart-order-summary-shipping-block\" class=\"wp-block-woocommerce-cart-order-summary-shipping-block\"><\/div>\n<div data-block-name=\"woocommerce\/cart-order-summary-taxes-block\" class=\"wp-block-woocommerce-cart-order-summary-taxes-block\"><\/div><\/div>\n<\/div>\n\n\n\n<div data-block-name=\"woocommerce\/cart-express-payment-block\" class=\"wp-block-woocommerce-cart-express-payment-block\"><\/div>\n\n\n\n<div data-block-name=\"woocommerce\/proceed-to-checkout-block\" class=\"wp-block-woocommerce-proceed-to-checkout-block\"><\/div>\n\n\n\n<div data-block-name=\"woocommerce\/cart-accepted-payment-methods-block\" class=\"wp-block-woocommerce-cart-accepted-payment-methods-block\"><\/div>\n<\/div>\n<\/div>\n\n\n\n<div data-block-name=\"woocommerce\/empty-cart-block\" class=\"wp-block-woocommerce-empty-cart-block\">\n<h2 class=\"wp-block-heading has-text-align-center with-empty-cart-icon wc-block-cart__empty-cart__title\">\u00a1Tu carrito est\u00e1 actualmente vac\u00edo!<\/h2>\n\n\n\n<hr class=\"wp-block-separator has-alpha-channel-opacity is-style-dots\"\/>\n\n\n\n<h2 class=\"wp-block-heading has-text-align-center\">Nuevo en la tienda<\/h2>\n\n\n<div data-block-name=\"woocommerce\/product-new\" data-columns=\"4\" data-rows=\"1\" class=\"wc-block-grid wp-block-product-new wp-block-woocommerce-product-new wc-block-product-new has-4-columns\"><ul class=\"wc-block-grid__products\"><li class=\"wc-block-grid__product\">\n\t\t\t\t<a href=\"https:\/\/cafefrutos.cl\/?product=cafe-panama\" class=\"wc-block-grid__product-link\">\n\t\t\t\t\t\n\t\t\t\t\t<div class=\"wc-block-grid__product-image\"><img loading=\"lazy\" decoding=\"async\" width=\"450\" height=\"450\" src=\"https:\/\/cafefrutos.cl\/wp-content\/uploads\/2026\/03\/Pana_1234_04-450x450.jpg\" class=\"attachment-woocommerce_thumbnail size-woocommerce_thumbnail\" alt=\"Caf\u00e9 Panam\u00e1\" srcset=\"https:\/\/cafefrutos.cl\/wp-content\/uploads\/2026\/03\/Pana_1234_04-450x450.jpg 450w, https:\/\/cafefrutos.cl\/wp-content\/uploads\/2026\/03\/Pana_1234_04-300x300.jpg 300w, https:\/\/cafefrutos.cl\/wp-content\/uploads\/2026\/03\/Pana_1234_04-150x150.jpg 150w, https:\/\/cafefrutos.cl\/wp-content\/uploads\/2026\/03\/Pana_1234_04-100x100.jpg 100w, https:\/\/cafefrutos.cl\/wp-content\/uploads\/2026\/03\/Pana_1234_04.jpg 500w\" sizes=\"auto, (max-width: 450px) 100vw, 450px\" \/><\/div>\n\t\t\t\t\t<div class=\"wc-block-grid__product-title\">Caf\u00e9 Panam\u00e1<\/div>\n\t\t\t\t<\/a>\n\t\t\t\t<div class=\"wc-block-grid__product-price price\"><span class=\"woocommerce-Price-amount amount\"><span class=\"woocommerce-Price-currencySymbol\">&#036;<\/span>20,000.00<\/span><\/div>\n\t\t\t\t\n\t\t\t\t<div class=\"wp-block-button wc-block-grid__product-add-to-cart\"><a href=\"\/index.php?rest_route=%2Fwp%2Fv2%2Fpages%2F6&#038;add-to-cart=54\" aria-label=\"A\u00f1adir al carrito: &ldquo;Caf\u00e9 Panam\u00e1&rdquo;\" data-quantity=\"1\" data-product_id=\"54\" data-product_sku=\"\" data-price=\"20000\" rel=\"nofollow\" class=\"wp-block-button__link wp-element-button add_to_cart_button ajax_add_to_cart\">A\u00f1adir al carrito<\/a><\/div>\n\t\t\t<\/li><li class=\"wc-block-grid__product\">\n\t\t\t\t<a href=\"https:\/\/cafefrutos.cl\/?product=cafe-guatemala\" class=\"wc-block-grid__product-link\">\n\t\t\t\t\t\n\t\t\t\t\t<div class=\"wc-block-grid__product-image\"><img loading=\"lazy\" decoding=\"async\" width=\"225\" height=\"225\" src=\"https:\/\/cafefrutos.cl\/wp-content\/uploads\/2026\/03\/Guate_1234_01-1.jpg\" class=\"attachment-woocommerce_thumbnail size-woocommerce_thumbnail\" alt=\"Caf\u00e9 Guatemala\" srcset=\"https:\/\/cafefrutos.cl\/wp-content\/uploads\/2026\/03\/Guate_1234_01-1.jpg 225w, https:\/\/cafefrutos.cl\/wp-content\/uploads\/2026\/03\/Guate_1234_01-1-150x150.jpg 150w, https:\/\/cafefrutos.cl\/wp-content\/uploads\/2026\/03\/Guate_1234_01-1-100x100.jpg 100w\" sizes=\"auto, (max-width: 225px) 100vw, 225px\" \/><\/div>\n\t\t\t\t\t<div class=\"wc-block-grid__product-title\">Caf\u00e9 Guatemala<\/div>\n\t\t\t\t<\/a>\n\t\t\t\t<div class=\"wc-block-grid__product-price price\"><span class=\"woocommerce-Price-amount amount\"><span class=\"woocommerce-Price-currencySymbol\">&#036;<\/span>20,000.00<\/span><\/div>\n\t\t\t\t\n\t\t\t\t<div class=\"wp-block-button wc-block-grid__product-add-to-cart\"><a href=\"\/index.php?rest_route=%2Fwp%2Fv2%2Fpages%2F6&#038;add-to-cart=45\" aria-label=\"A\u00f1adir al carrito: &ldquo;Caf\u00e9 Guatemala&rdquo;\" data-quantity=\"1\" data-product_id=\"45\" data-product_sku=\"\" data-price=\"20000\" rel=\"nofollow\" class=\"wp-block-button__link wp-element-button add_to_cart_button ajax_add_to_cart\">A\u00f1adir al carrito<\/a><\/div>\n\t\t\t<\/li><li class=\"wc-block-grid__product\">\n\t\t\t\t<a href=\"https:\/\/cafefrutos.cl\/?product=cafe-colombia\" class=\"wc-block-grid__product-link\">\n\t\t\t\t\t<div class=\"wc-block-grid__product-onsale\">\n\t\t\t<span aria-hidden=\"true\">Oferta<\/span>\n\t\t\t<span class=\"screen-reader-text\">Producto en oferta<\/span>\n\t\t<\/div>\n\t\t\t\t\t<div class=\"wc-block-grid__product-image\"><img loading=\"lazy\" decoding=\"async\" width=\"300\" height=\"163\" src=\"https:\/\/cafefrutos.cl\/wp-content\/uploads\/2026\/03\/cafe11-300x163.jpg\" class=\"attachment-woocommerce_thumbnail size-woocommerce_thumbnail\" alt=\"Cafe Colombia\" \/><\/div>\n\t\t\t\t\t<div class=\"wc-block-grid__product-title\">Cafe Colombia<\/div>\n\t\t\t\t<\/a>\n\t\t\t\t<div class=\"wc-block-grid__product-price price\"><del aria-hidden=\"true\"><span class=\"woocommerce-Price-amount amount\"><span class=\"woocommerce-Price-currencySymbol\">&#036;<\/span>10,000.00<\/span><\/del> <span class=\"screen-reader-text\">El precio original era: &#036;10,000.00.<\/span><ins aria-hidden=\"true\"><span class=\"woocommerce-Price-amount amount\"><span class=\"woocommerce-Price-currencySymbol\">&#036;<\/span>9,000.00<\/span><\/ins><span class=\"screen-reader-text\">El precio actual es: &#036;9,000.00.<\/span><\/div>\n\t\t\t\t\n\t\t\t\t<div class=\"wp-block-button wc-block-grid__product-add-to-cart\"><a href=\"\/index.php?rest_route=%2Fwp%2Fv2%2Fpages%2F6&#038;add-to-cart=10\" aria-label=\"A\u00f1adir al carrito: &ldquo;Cafe Colombia&rdquo;\" data-quantity=\"1\" data-product_id=\"10\" data-product_sku=\"\" data-price=\"9000\" rel=\"nofollow\" class=\"wp-block-button__link wp-element-button add_to_cart_button ajax_add_to_cart\">A\u00f1adir al carrito<\/a><\/div>\n\t\t\t<\/li><li class=\"wc-block-grid__product\">\n\t\t\t\t<a href=\"https:\/\/cafefrutos.cl\/?product=cafe-de-prueba\" class=\"wc-block-grid__product-link\">\n\t\t\t\t\t\n\t\t\t\t\t<div class=\"wc-block-grid__product-image\"><img loading=\"lazy\" decoding=\"async\" width=\"450\" height=\"450\" src=\"https:\/\/cafefrutos.cl\/wp-content\/uploads\/2026\/03\/g9e790dd91670ee222befc5c3c0b221e6bbd2aea423a99afd196b42481bac444b42eb6db79f2a1c5e14f383689a84403cebc30a302147a276d597fb8fd0671275_1280-4202579-450x450.jpg\" class=\"attachment-woocommerce_thumbnail size-woocommerce_thumbnail\" alt=\"coffee, caffeine, beans, brown, cafe, roasted, drink, coffee, coffee, cafe, cafe, cafe, cafe, cafe\" srcset=\"https:\/\/cafefrutos.cl\/wp-content\/uploads\/2026\/03\/g9e790dd91670ee222befc5c3c0b221e6bbd2aea423a99afd196b42481bac444b42eb6db79f2a1c5e14f383689a84403cebc30a302147a276d597fb8fd0671275_1280-4202579-450x450.jpg 450w, https:\/\/cafefrutos.cl\/wp-content\/uploads\/2026\/03\/g9e790dd91670ee222befc5c3c0b221e6bbd2aea423a99afd196b42481bac444b42eb6db79f2a1c5e14f383689a84403cebc30a302147a276d597fb8fd0671275_1280-4202579-100x100.jpg 100w, https:\/\/cafefrutos.cl\/wp-content\/uploads\/2026\/03\/g9e790dd91670ee222befc5c3c0b221e6bbd2aea423a99afd196b42481bac444b42eb6db79f2a1c5e14f383689a84403cebc30a302147a276d597fb8fd0671275_1280-4202579-150x150.jpg 150w\" sizes=\"auto, (max-width: 450px) 100vw, 450px\" \/><\/div>\n\t\t\t\t\t<div class=\"wc-block-grid__product-title\">Cafe de prueba<\/div>\n\t\t\t\t<\/a>\n\t\t\t\t<div class=\"wc-block-grid__product-price price\"><span class=\"woocommerce-Price-amount amount\"><span class=\"woocommerce-Price-currencySymbol\">&#036;<\/span>10,000.00<\/span><\/div>\n\t\t\t\t\n\t\t\t\t<div class=\"wp-block-button wc-block-grid__product-add-to-cart\"><a href=\"\/index.php?rest_route=%2Fwp%2Fv2%2Fpages%2F6&#038;add-to-cart=15\" aria-label=\"A\u00f1adir al carrito: &ldquo;Cafe de prueba&rdquo;\" data-quantity=\"1\" data-product_id=\"15\" data-product_sku=\"\" data-price=\"10000\" rel=\"nofollow\" class=\"wp-block-button__link wp-element-button add_to_cart_button ajax_add_to_cart\">A\u00f1adir al carrito<\/a><\/div>\n\t\t\t<\/li><\/ul><\/div><\/div>\n<\/div>\n","protected":false},"excerpt":{"rendered":"","protected":false},"author":1,"featured_media":0,"parent":0,"menu_order":0,"comment_status":"closed","ping_status":"closed","template":"","meta":{"_uag_custom_page_level_css":"","footnotes":""},"class_list":["post-6","page","type-page","status-publish","hentry"],"uagb_featured_image_src":{"full":false,"thumbnail":false,"medium":false,"medium_large":false,"large":false,"1536x1536":false,"2048x2048":false,"woocommerce_thumbnail":false,"woocommerce_single":false,"woocommerce_gallery_thumbnail":false},"uagb_author_info":{"display_name":"admin","author_link":"https:\/\/cafefrutos.cl\/?author=1"},"uagb_comment_info":0,"uagb_excerpt":null,"_links":{"self":[{"href":"https:\/\/cafefrutos.cl\/index.php?rest_route=\/wp\/v2\/pages\/6","targetHints":{"allow":["GET"]}}],"collection":[{"href":"https:\/\/cafefrutos.cl\/index.php?rest_route=\/wp\/v2\/pages"}],"about":[{"href":"https:\/\/cafefrutos.cl\/index.php?rest_route=\/wp\/v2\/types\/page"}],"author":[{"embeddable":true,"href":"https:\/\/cafefrutos.cl\/index.php?rest_route=\/wp\/v2\/users\/1"}],"replies":[{"embeddable":true,"href":"https:\/\/cafefrutos.cl\/index.php?rest_route=%2Fwp%2Fv2%2Fcomments&post=6"}],"version-history":[{"count":0,"href":"https:\/\/cafefrutos.cl\/index.php?rest_route=\/wp\/v2\/pages\/6\/revisions"}],"wp:attachment":[{"href":"https:\/\/cafefrutos.cl\/index.php?rest_route=%2Fwp%2Fv2%2Fmedia&parent=6"}],"curies":[{"name":"wp","href":"https:\/\/api.w.org\/{rel}","templated":true}]}}