{"id":54,"date":"2026-03-14T17:01:03","date_gmt":"2026-03-14T17:01:03","guid":{"rendered":"https:\/\/cafefrutos.cl\/wordpress\/?post_type=product&#038;p=54"},"modified":"2026-03-14T17:01:03","modified_gmt":"2026-03-14T17:01:03","slug":"cafe-panama","status":"publish","type":"product","link":"https:\/\/cafefrutos.cl\/?product=cafe-panama","title":{"rendered":"Caf\u00e9 Panam\u00e1"},"content":{"rendered":"<p>Elegido el mejor caf\u00e9 del mundo el a\u00f1o 2025 Gesha Panam\u00e1<\/p>\n","protected":false},"excerpt":{"rendered":"<p>Elegido el mejor caf\u00e9 del mundo el a\u00f1o 2025 Gesha Panam\u00e1<\/p>\n","protected":false},"featured_media":53,"comment_status":"open","ping_status":"closed","template":"","meta":{"_uag_custom_page_level_css":""},"product_brand":[],"product_cat":[17,20],"product_tag":[],"class_list":{"0":"post-54","1":"product","2":"type-product","3":"status-publish","4":"has-post-thumbnail","6":"product_cat-cafe","7":"product_cat-cafe-grano-cafe","9":"first","10":"instock","11":"shipping-taxable","12":"purchasable","13":"product-type-simple"},"uagb_featured_image_src":{"full":["https:\/\/cafefrutos.cl\/wp-content\/uploads\/2026\/03\/Pana_1234_04.jpg",500,500,false],"thumbnail":["https:\/\/cafefrutos.cl\/wp-content\/uploads\/2026\/03\/Pana_1234_04-150x150.jpg",150,150,true],"medium":["https:\/\/cafefrutos.cl\/wp-content\/uploads\/2026\/03\/Pana_1234_04-300x300.jpg",300,300,true],"medium_large":["https:\/\/cafefrutos.cl\/wp-content\/uploads\/2026\/03\/Pana_1234_04.jpg",500,500,false],"large":["https:\/\/cafefrutos.cl\/wp-content\/uploads\/2026\/03\/Pana_1234_04.jpg",500,500,false],"1536x1536":["https:\/\/cafefrutos.cl\/wp-content\/uploads\/2026\/03\/Pana_1234_04.jpg",500,500,false],"2048x2048":["https:\/\/cafefrutos.cl\/wp-content\/uploads\/2026\/03\/Pana_1234_04.jpg",500,500,false],"woocommerce_thumbnail":["https:\/\/cafefrutos.cl\/wp-content\/uploads\/2026\/03\/Pana_1234_04-450x450.jpg",450,450,true],"woocommerce_single":["https:\/\/cafefrutos.cl\/wp-content\/uploads\/2026\/03\/Pana_1234_04.jpg",500,500,false],"woocommerce_gallery_thumbnail":["https:\/\/cafefrutos.cl\/wp-content\/uploads\/2026\/03\/Pana_1234_04-100x100.jpg",100,100,true]},"uagb_author_info":{"display_name":"admin","author_link":"https:\/\/cafefrutos.cl\/?author=0"},"uagb_comment_info":0,"uagb_excerpt":"Elegido el mejor caf\u00e9 del mundo el a\u00f1o 2025 Gesha Panam\u00e1","_links":{"self":[{"href":"https:\/\/cafefrutos.cl\/index.php?rest_route=\/wp\/v2\/product\/54","targetHints":{"allow":["GET"]}}],"collection":[{"href":"https:\/\/cafefrutos.cl\/index.php?rest_route=\/wp\/v2\/product"}],"about":[{"href":"https:\/\/cafefrutos.cl\/index.php?rest_route=\/wp\/v2\/types\/product"}],"replies":[{"embeddable":true,"href":"https:\/\/cafefrutos.cl\/index.php?rest_route=%2Fwp%2Fv2%2Fcomments&post=54"}],"wp:featuredmedia":[{"embeddable":true,"href":"https:\/\/cafefrutos.cl\/index.php?rest_route=\/wp\/v2\/media\/53"}],"wp:attachment":[{"href":"https:\/\/cafefrutos.cl\/index.php?rest_route=%2Fwp%2Fv2%2Fmedia&parent=54"}],"wp:term":[{"taxonomy":"product_brand","embeddable":true,"href":"https:\/\/cafefrutos.cl\/index.php?rest_route=%2Fwp%2Fv2%2Fproduct_brand&post=54"},{"taxonomy":"product_cat","embeddable":true,"href":"https:\/\/cafefrutos.cl\/index.php?rest_route=%2Fwp%2Fv2%2Fproduct_cat&post=54"},{"taxonomy":"product_tag","embeddable":true,"href":"https:\/\/cafefrutos.cl\/index.php?rest_route=%2Fwp%2Fv2%2Fproduct_tag&post=54"}],"curies":[{"name":"wp","href":"https:\/\/api.w.org\/{rel}","templated":true}]}}